{"id":202,"date":"2026-03-16T10:01:46","date_gmt":"2026-03-16T10:01:46","guid":{"rendered":"https:\/\/dev-03-amagency.ovh\/?page_id=202"},"modified":"2026-03-16T14:05:41","modified_gmt":"2026-03-16T14:05:41","slug":"a-propos","status":"publish","type":"page","link":"https:\/\/lodge-amazon.com\/en\/a-propos\/","title":{"rendered":"\u00c0 propos"},"content":{"rendered":"<div data-elementor-type=\"wp-page\" data-elementor-id=\"202\" class=\"elementor elementor-202\" data-elementor-post-type=\"page\">\n\t\t\t\t<div class=\"elementor-element elementor-element-02771c6 e-flex e-con-boxed e-con e-parent\" data-id=\"02771c6\" data-element_type=\"container\" data-e-type=\"container\" data-settings=\"{&quot;background_background&quot;:&quot;classic&quot;}\">\n\t\t\t\t\t<div class=\"e-con-inner\">\n\t\t<div class=\"elementor-element elementor-element-83bc7de e-con-full e-flex elementor-invisible e-con e-child\" data-id=\"83bc7de\" data-element_type=\"container\" data-e-type=\"container\" data-settings=\"{&quot;animation&quot;:&quot;fadeIn&quot;}\">\n\t\t\t\t<div class=\"elementor-element elementor-element-2d99f1e elementor-widget elementor-widget-heading\" data-id=\"2d99f1e\" data-element_type=\"widget\" data-e-type=\"widget\" data-widget_type=\"heading.default\">\n\t\t\t\t\t<h2 class=\"elementor-heading-title elementor-size-default\">\u00c0 Propos de Nous<\/h2>\t\t\t\t<\/div>\n\t\t\t\t<\/div>\n\t\t\t\t\t<\/div>\n\t\t\t\t<\/div>\n\t\t<div class=\"elementor-element elementor-element-59563a9 e-flex e-con-boxed e-con e-parent\" data-id=\"59563a9\" data-element_type=\"container\" data-e-type=\"container\" data-settings=\"{&quot;background_background&quot;:&quot;classic&quot;}\">\n\t\t\t\t\t<div class=\"e-con-inner\">\n\t\t<div class=\"elementor-element elementor-element-92b03b3 e-con-full e-flex elementor-invisible e-con e-child\" data-id=\"92b03b3\" data-element_type=\"container\" data-e-type=\"container\" data-settings=\"{&quot;animation&quot;:&quot;fadeInUp&quot;}\">\n\t\t\t\t<div class=\"elementor-element elementor-element-be8eac5 elementor-widget__width-initial elementor-widget elementor-widget-text-editor\" data-id=\"be8eac5\" data-element_type=\"widget\" data-e-type=\"widget\" data-widget_type=\"text-editor.default\">\n\t\t\t\t\t\t\t\t\t<section class=\"py-16 md:py-24\"><div class=\"container max-w-3xl text-center\"><div class=\"\"><p class=\"text-lg text-muted-foreground leading-relaxed\">Los Delfines y La Natura Lodge &amp; Expeditions est une entreprise d\u00e9di\u00e9e aux exp\u00e9riences d&rsquo;\u00e9cotourisme dans la for\u00eat amazonienne d&rsquo;Iquitos, au P\u00e9rou. Nous sommes fiers d&rsquo;offrir une connexion authentique avec la nature.<\/p><\/div><\/div><\/section>\t\t\t\t\t\t\t\t<\/div>\n\t\t\t\t<\/div>\n\t\t\t\t\t<\/div>\n\t\t\t\t<\/div>\n\t\t<div class=\"elementor-element elementor-element-b8b9f55 e-flex e-con-boxed e-con e-parent\" data-id=\"b8b9f55\" data-element_type=\"container\" data-e-type=\"container\" data-settings=\"{&quot;background_background&quot;:&quot;classic&quot;}\">\n\t\t\t\t\t<div class=\"e-con-inner\">\n\t\t<div class=\"elementor-element elementor-element-116cb53 e-con-full e-flex e-con e-child\" data-id=\"116cb53\" data-element_type=\"container\" data-e-type=\"container\">\n\t\t<div class=\"elementor-element elementor-element-ed9b68a e-con-full e-flex e-con e-child\" data-id=\"ed9b68a\" data-element_type=\"container\" data-e-type=\"container\">\n\t\t<div class=\"elementor-element elementor-element-8e73023 e-con-full e-flex elementor-invisible e-con e-child\" data-id=\"8e73023\" data-element_type=\"container\" data-e-type=\"container\" data-settings=\"{&quot;background_background&quot;:&quot;classic&quot;,&quot;animation&quot;:&quot;fadeInUp&quot;}\">\n\t\t\t\t<div class=\"elementor-element elementor-element-ad48708 elementor-view-default elementor-widget elementor-widget-icon\" data-id=\"ad48708\" data-element_type=\"widget\" data-e-type=\"widget\" data-widget_type=\"icon.default\">\n\t\t\t\t\t\t\t<div class=\"elementor-icon-wrapper\">\n\t\t\t<div class=\"elementor-icon\">\n\t\t\t<svg aria-hidden=\"true\" class=\"e-font-icon-svg e-fas-leaf\" viewbox=\"0 0 576 512\" xmlns=\"http:\/\/www.w3.org\/2000\/svg\"><path d=\"M546.2 9.7c-5.6-12.5-21.6-13-28.3-1.2C486.9 62.4 431.4 96 368 96h-80C182 96 96 182 96 288c0 7 .8 13.7 1.5 20.5C161.3 262.8 253.4 224 384 224c8.8 0 16 7.2 16 16s-7.2 16-16 16C132.6 256 26 410.1 2.4 468c-6.6 16.3 1.2 34.9 17.5 41.6 16.4 6.8 35-1.1 41.8-17.3 1.5-3.6 20.9-47.9 71.9-90.6 32.4 43.9 94 85.8 174.9 77.2C465.5 467.5 576 326.7 576 154.3c0-50.2-10.8-102.2-29.8-144.6z\"><\/path><\/svg>\t\t\t<\/div>\n\t\t<\/div>\n\t\t\t\t\t\t<\/div>\n\t\t\t\t<div class=\"elementor-element elementor-element-e843e07 elementor-widget elementor-widget-heading\" data-id=\"e843e07\" data-element_type=\"widget\" data-e-type=\"widget\" data-widget_type=\"heading.default\">\n\t\t\t\t\t<h2 class=\"elementor-heading-title elementor-size-default\">Durabilit\u00e9\n<\/h2>\t\t\t\t<\/div>\n\t\t\t\t<div class=\"elementor-element elementor-element-fa0f6ca elementor-widget elementor-widget-text-editor\" data-id=\"fa0f6ca\" data-element_type=\"widget\" data-e-type=\"widget\" data-widget_type=\"text-editor.default\">\n\t\t\t\t\t\t\t\t\t<div class=\"\"><div class=\"bg-card rounded-xl p-8 border shadow-sm h-full\"><p class=\"text-muted-foreground text-sm leading-relaxed\">Nous nous engageons \u00e0 des pratiques durables qui respectent et pr\u00e9servent l&rsquo;environnement naturel. Nous travaillons avec les communaut\u00e9s locales pour garantir des activit\u00e9s b\u00e9n\u00e9fiques pour tous.<\/p><\/div><\/div>\t\t\t\t\t\t\t\t<\/div>\n\t\t\t\t<\/div>\n\t\t<div class=\"elementor-element elementor-element-62e37eb e-con-full e-flex elementor-invisible e-con e-child\" data-id=\"62e37eb\" data-element_type=\"container\" data-e-type=\"container\" data-settings=\"{&quot;background_background&quot;:&quot;classic&quot;,&quot;animation&quot;:&quot;fadeInUp&quot;}\">\n\t\t\t\t<div class=\"elementor-element elementor-element-bfed505 elementor-view-default elementor-widget elementor-widget-icon\" data-id=\"bfed505\" data-element_type=\"widget\" data-e-type=\"widget\" data-widget_type=\"icon.default\">\n\t\t\t\t\t\t\t<div class=\"elementor-icon-wrapper\">\n\t\t\t<div class=\"elementor-icon\">\n\t\t\t<svg xmlns=\"http:\/\/www.w3.org\/2000\/svg\" width=\"24\" height=\"24\" viewbox=\"0 0 24 24\" fill=\"none\" stroke=\"currentColor\" stroke-width=\"2\" stroke-linecap=\"round\" stroke-linejoin=\"round\" class=\"lucide lucide-sparkles-icon lucide-sparkles\"><path d=\"M11.017 2.814a1 1 0 0 1 1.966 0l1.051 5.558a2 2 0 0 0 1.594 1.594l5.558 1.051a1 1 0 0 1 0 1.966l-5.558 1.051a2 2 0 0 0-1.594 1.594l-1.051 5.558a1 1 0 0 1-1.966 0l-1.051-5.558a2 2 0 0 0-1.594-1.594l-5.558-1.051a1 1 0 0 1 0-1.966l5.558-1.051a2 2 0 0 0 1.594-1.594z\"><\/path><path d=\"M20 2v4\"><\/path><path d=\"M22 4h-4\"><\/path><circle cx=\"4\" cy=\"20\" r=\"2\"><\/circle><\/svg>\t\t\t<\/div>\n\t\t<\/div>\n\t\t\t\t\t\t<\/div>\n\t\t\t\t<div class=\"elementor-element elementor-element-b300485 elementor-widget elementor-widget-heading\" data-id=\"b300485\" data-element_type=\"widget\" data-e-type=\"widget\" data-widget_type=\"heading.default\">\n\t\t\t\t\t<h2 class=\"elementor-heading-title elementor-size-default\">Exp\u00e9riences Uniques<\/h2>\t\t\t\t<\/div>\n\t\t\t\t<div class=\"elementor-element elementor-element-26952e6 elementor-widget elementor-widget-text-editor\" data-id=\"26952e6\" data-element_type=\"widget\" data-e-type=\"widget\" data-widget_type=\"text-editor.default\">\n\t\t\t\t\t\t\t\t\t<div class=\"\"><div class=\"bg-card rounded-xl p-8 border shadow-sm h-full\"><div class=\"\"><div class=\"bg-card rounded-xl p-8 border shadow-sm h-full\"><p class=\"text-muted-foreground text-sm leading-relaxed\">Nous proposons des tours allant de la navigation sur l&rsquo;Amazone aux randonn\u00e9es en for\u00eat et exp\u00e9ditions nocturnes, tous guid\u00e9s par des experts locaux.<\/p><\/div><\/div><\/div><\/div>\t\t\t\t\t\t\t\t<\/div>\n\t\t\t\t<\/div>\n\t\t\t\t<\/div>\n\t\t<div class=\"elementor-element elementor-element-05fcef3 e-con-full e-flex e-con e-child\" data-id=\"05fcef3\" data-element_type=\"container\" data-e-type=\"container\">\n\t\t<div class=\"elementor-element elementor-element-e001e8b e-con-full e-flex elementor-invisible e-con e-child\" data-id=\"e001e8b\" data-element_type=\"container\" data-e-type=\"container\" data-settings=\"{&quot;background_background&quot;:&quot;classic&quot;,&quot;animation&quot;:&quot;fadeInUp&quot;}\">\n\t\t\t\t<div class=\"elementor-element elementor-element-440ad5a elementor-view-default elementor-widget elementor-widget-icon\" data-id=\"440ad5a\" data-element_type=\"widget\" data-e-type=\"widget\" data-widget_type=\"icon.default\">\n\t\t\t\t\t\t\t<div class=\"elementor-icon-wrapper\">\n\t\t\t<div class=\"elementor-icon\">\n\t\t\t<svg aria-hidden=\"true\" class=\"e-font-icon-svg e-fas-home\" viewbox=\"0 0 576 512\" xmlns=\"http:\/\/www.w3.org\/2000\/svg\"><path d=\"M280.37 148.26L96 300.11V464a16 16 0 0 0 16 16l112.06-.29a16 16 0 0 0 15.92-16V368a16 16 0 0 1 16-16h64a16 16 0 0 1 16 16v95.64a16 16 0 0 0 16 16.05L464 480a16 16 0 0 0 16-16V300L295.67 148.26a12.19 12.19 0 0 0-15.3 0zM571.6 251.47L488 182.56V44.05a12 12 0 0 0-12-12h-56a12 12 0 0 0-12 12v72.61L318.47 43a48 48 0 0 0-61 0L4.34 251.47a12 12 0 0 0-1.6 16.9l25.5 31A12 12 0 0 0 45.15 301l235.22-193.74a12.19 12.19 0 0 1 15.3 0L530.9 301a12 12 0 0 0 16.9-1.6l25.5-31a12 12 0 0 0-1.7-16.93z\"><\/path><\/svg>\t\t\t<\/div>\n\t\t<\/div>\n\t\t\t\t\t\t<\/div>\n\t\t\t\t<div class=\"elementor-element elementor-element-e9865ee elementor-widget elementor-widget-heading\" data-id=\"e9865ee\" data-element_type=\"widget\" data-e-type=\"widget\" data-widget_type=\"heading.default\">\n\t\t\t\t\t<h2 class=\"elementor-heading-title elementor-size-default\">Hospitalit\u00e9<\/h2>\t\t\t\t<\/div>\n\t\t\t\t<div class=\"elementor-element elementor-element-752b0fa elementor-widget elementor-widget-text-editor\" data-id=\"752b0fa\" data-element_type=\"widget\" data-e-type=\"widget\" data-widget_type=\"text-editor.default\">\n\t\t\t\t\t\t\t\t\t<div class=\"\"><div class=\"bg-card rounded-xl p-8 border shadow-sm h-full\"><div class=\"\"><div class=\"bg-card rounded-xl p-8 border shadow-sm h-full\"><p class=\"text-muted-foreground text-sm leading-relaxed\">Notre lodge offre confort et une exp\u00e9rience immersive dans la jungle. Les cabanes sont construites avec des mat\u00e9riaux locaux et toutes les commodit\u00e9s n\u00e9cessaires.<\/p><\/div><\/div><\/div><\/div>\t\t\t\t\t\t\t\t<\/div>\n\t\t\t\t<\/div>\n\t\t<div class=\"elementor-element elementor-element-cd621f8 e-con-full e-flex elementor-invisible e-con e-child\" data-id=\"cd621f8\" data-element_type=\"container\" data-e-type=\"container\" data-settings=\"{&quot;background_background&quot;:&quot;classic&quot;,&quot;animation&quot;:&quot;fadeInUp&quot;}\">\n\t\t\t\t<div class=\"elementor-element elementor-element-1816be7 elementor-view-default elementor-widget elementor-widget-icon\" data-id=\"1816be7\" data-element_type=\"widget\" data-e-type=\"widget\" data-widget_type=\"icon.default\">\n\t\t\t\t\t\t\t<div class=\"elementor-icon-wrapper\">\n\t\t\t<div class=\"elementor-icon\">\n\t\t\t<svg aria-hidden=\"true\" class=\"e-font-icon-svg e-fas-book-open\" viewbox=\"0 0 576 512\" xmlns=\"http:\/\/www.w3.org\/2000\/svg\"><path d=\"M542.22 32.05c-54.8 3.11-163.72 14.43-230.96 55.59-4.64 2.84-7.27 7.89-7.27 13.17v363.87c0 11.55 12.63 18.85 23.28 13.49 69.18-34.82 169.23-44.32 218.7-46.92 16.89-.89 30.02-14.43 30.02-30.66V62.75c.01-17.71-15.35-31.74-33.77-30.7zM264.73 87.64C197.5 46.48 88.58 35.17 33.78 32.05 15.36 31.01 0 45.04 0 62.75V400.6c0 16.24 13.13 29.78 30.02 30.66 49.49 2.6 149.59 12.11 218.77 46.95 10.62 5.35 23.21-1.94 23.21-13.46V100.63c0-5.29-2.62-10.14-7.27-12.99z\"><\/path><\/svg>\t\t\t<\/div>\n\t\t<\/div>\n\t\t\t\t\t\t<\/div>\n\t\t\t\t<div class=\"elementor-element elementor-element-7a11dc6 elementor-widget elementor-widget-heading\" data-id=\"7a11dc6\" data-element_type=\"widget\" data-e-type=\"widget\" data-widget_type=\"heading.default\">\n\t\t\t\t\t<h2 class=\"elementor-heading-title elementor-size-default\">\u00c9ducation<\/h2>\t\t\t\t<\/div>\n\t\t\t\t<div class=\"elementor-element elementor-element-716c83a elementor-widget elementor-widget-text-editor\" data-id=\"716c83a\" data-element_type=\"widget\" data-e-type=\"widget\" data-widget_type=\"text-editor.default\">\n\t\t\t\t\t\t\t\t\t<div class=\"\"><div class=\"bg-card rounded-xl p-8 border shadow-sm h-full\"><section class=\"py-16 md:py-24 bg-section-fade\"><div class=\"container\"><div class=\"grid grid-cols-1 md:grid-cols-2 gap-8\"><div class=\"\"><div class=\"bg-card rounded-xl p-8 border shadow-sm h-full\"><p class=\"text-muted-foreground text-sm leading-relaxed\">Nous nous effor\u00e7ons d&rsquo;\u00e9duquer nos h\u00f4tes sur la flore, la faune et la culture de l&rsquo;Amazonie.<\/p><\/div><\/div><\/div><\/div><\/section><\/div><\/div>\t\t\t\t\t\t\t\t<\/div>\n\t\t\t\t<\/div>\n\t\t\t\t<\/div>\n\t\t\t\t<\/div>\n\t\t\t\t\t<\/div>\n\t\t\t\t<\/div>\n\t\t<div class=\"elementor-element elementor-element-2f55a02 e-flex e-con-boxed e-con e-parent\" data-id=\"2f55a02\" data-element_type=\"container\" data-e-type=\"container\" data-settings=\"{&quot;background_background&quot;:&quot;classic&quot;}\">\n\t\t\t\t\t<div class=\"e-con-inner\">\n\t\t<div class=\"elementor-element elementor-element-66c0f32 e-con-full e-flex elementor-invisible e-con e-child\" data-id=\"66c0f32\" data-element_type=\"container\" data-e-type=\"container\" data-settings=\"{&quot;animation&quot;:&quot;fadeInUp&quot;}\">\n\t\t\t\t<div class=\"elementor-element elementor-element-fc7b471 elementor-widget elementor-widget-heading\" data-id=\"fc7b471\" data-element_type=\"widget\" data-e-type=\"widget\" data-widget_type=\"heading.default\">\n\t\t\t\t\t<h2 class=\"elementor-heading-title elementor-size-default\">Nos Guides\n<\/h2>\t\t\t\t<\/div>\n\t\t\t\t<div class=\"elementor-element elementor-element-0349ed6 elementor-widget__width-initial elementor-widget elementor-widget-text-editor\" data-id=\"0349ed6\" data-element_type=\"widget\" data-e-type=\"widget\" data-widget_type=\"text-editor.default\">\n\t\t\t\t\t\t\t\t\t<main class=\"flex-1 pt-16 md:pt-20\"><section class=\"py-16 md:py-24 bg-jungle-deep\"><div class=\"container max-w-3xl text-center\"><div class=\"\"><p class=\"text-primary-foreground\/80 leading-relaxed\">Nous sommes d\u00e9di\u00e9s \u00e0 offrir une exp\u00e9rience d&rsquo;\u00e9cotourisme passionnante, \u00e9ducative, responsable et respectueuse de l&rsquo;environnement.<\/p><\/div><\/div><\/section><\/main>\t\t\t\t\t\t\t\t<\/div>\n\t\t\t\t<\/div>\n\t\t\t\t\t<\/div>\n\t\t\t\t<\/div>\n\t\t\t\t<\/div>","protected":false},"excerpt":{"rendered":"<p>\u00c0 Propos de Nous Los Delfines y La Natura Lodge &amp; Expeditions est une entreprise d\u00e9di\u00e9e aux exp\u00e9riences d&rsquo;\u00e9cotourisme dans la for\u00eat amazonienne d&rsquo;Iquitos, au P\u00e9rou. Nous sommes fiers d&rsquo;offrir une connexion authentique avec la nature. Durabilit\u00e9 Nous nous engageons \u00e0 des pratiques durables qui respectent et pr\u00e9servent l&rsquo;environnement naturel. Nous travaillons avec les communaut\u00e9s [&hellip;]<\/p>\n","protected":false},"author":1,"featured_media":0,"parent":0,"menu_order":0,"comment_status":"closed","ping_status":"closed","template":"","meta":{"footnotes":""},"class_list":["post-202","page","type-page","status-publish","hentry"],"_links":{"self":[{"href":"https:\/\/lodge-amazon.com\/en\/wp-json\/wp\/v2\/pages\/202","targetHints":{"allow":["GET"]}}],"collection":[{"href":"https:\/\/lodge-amazon.com\/en\/wp-json\/wp\/v2\/pages"}],"about":[{"href":"https:\/\/lodge-amazon.com\/en\/wp-json\/wp\/v2\/types\/page"}],"author":[{"embeddable":true,"href":"https:\/\/lodge-amazon.com\/en\/wp-json\/wp\/v2\/users\/1"}],"replies":[{"embeddable":true,"href":"https:\/\/lodge-amazon.com\/en\/wp-json\/wp\/v2\/comments?post=202"}],"version-history":[{"count":68,"href":"https:\/\/lodge-amazon.com\/en\/wp-json\/wp\/v2\/pages\/202\/revisions"}],"predecessor-version":[{"id":361,"href":"https:\/\/lodge-amazon.com\/en\/wp-json\/wp\/v2\/pages\/202\/revisions\/361"}],"wp:attachment":[{"href":"https:\/\/lodge-amazon.com\/en\/wp-json\/wp\/v2\/media?parent=202"}],"curies":[{"name":"wp","href":"https:\/\/api.w.org\/{rel}","templated":true}]}}